{"id":64,"date":"2025-10-07T10:57:27","date_gmt":"2025-10-07T10:57:27","guid":{"rendered":"http:\/\/ugo-manon.ovh\/?page_id=64"},"modified":"2025-10-07T14:23:01","modified_gmt":"2025-10-07T14:23:01","slug":"les-maries-posent","status":"publish","type":"page","link":"https:\/\/ugo-manon.ovh\/?page_id=64","title":{"rendered":"Les Mari\u00e9s posent"},"content":{"rendered":"\n<p class=\"has-text-align-center\"><strong>Ils sont beaux, ils sont jeunes, ils sont passionn\u00e9s !<\/strong><br>Mais leurs proches aussi, eux aussi ont bien le droit d&rsquo;\u00eatre mis \u00e0 l&rsquo;honneur<\/p>\n\n\n\n","protected":false},"excerpt":{"rendered":"<p>Ils sont beaux, ils sont jeunes, ils sont passionn\u00e9s !Mais leurs proches aussi, eux aussi ont bien le droit d&rsquo;\u00eatre mis \u00e0 l&rsquo;honneur<\/p>\n","protected":false},"author":1,"featured_media":0,"parent":0,"menu_order":0,"comment_status":"closed","ping_status":"closed","template":"","meta":{"footnotes":""},"class_list":["post-64","page","type-page","status-publish","hentry"],"_links":{"self":[{"href":"https:\/\/ugo-manon.ovh\/index.php?rest_route=\/wp\/v2\/pages\/64","targetHints":{"allow":["GET"]}}],"collection":[{"href":"https:\/\/ugo-manon.ovh\/index.php?rest_route=\/wp\/v2\/pages"}],"about":[{"href":"https:\/\/ugo-manon.ovh\/index.php?rest_route=\/wp\/v2\/types\/page"}],"author":[{"embeddable":true,"href":"https:\/\/ugo-manon.ovh\/index.php?rest_route=\/wp\/v2\/users\/1"}],"replies":[{"embeddable":true,"href":"https:\/\/ugo-manon.ovh\/index.php?rest_route=%2Fwp%2Fv2%2Fcomments&post=64"}],"version-history":[{"count":2,"href":"https:\/\/ugo-manon.ovh\/index.php?rest_route=\/wp\/v2\/pages\/64\/revisions"}],"predecessor-version":[{"id":240,"href":"https:\/\/ugo-manon.ovh\/index.php?rest_route=\/wp\/v2\/pages\/64\/revisions\/240"}],"wp:attachment":[{"href":"https:\/\/ugo-manon.ovh\/index.php?rest_route=%2Fwp%2Fv2%2Fmedia&parent=64"}],"curies":[{"name":"wp","href":"https:\/\/api.w.org\/{rel}","templated":true}]}}