{"id":59,"date":"2025-10-07T10:57:58","date_gmt":"2025-10-07T10:57:58","guid":{"rendered":"http:\/\/ugo-manon.ovh\/?page_id=59"},"modified":"2025-10-07T14:17:09","modified_gmt":"2025-10-07T14:17:09","slug":"vive-les-maries","status":"publish","type":"page","link":"https:\/\/ugo-manon.ovh\/?page_id=59","title":{"rendered":"Vive les Mari\u00e9s !"},"content":{"rendered":"\n<p class=\"has-text-align-center\"><strong>Photos prises juste \u00e0 la sortie de l&rsquo;\u00e9glise<\/strong><br>Tant de joie et d&rsquo;\u00e9motions se lisent sur le regard de ce jeune couple<\/p>\n\n\n\n","protected":false},"excerpt":{"rendered":"<p>Photos prises juste \u00e0 la sortie de l&rsquo;\u00e9gliseTant de joie et d&rsquo;\u00e9motions se lisent sur le regard de ce jeune couple<\/p>\n","protected":false},"author":1,"featured_media":0,"parent":0,"menu_order":0,"comment_status":"closed","ping_status":"closed","template":"","meta":{"footnotes":""},"class_list":["post-59","page","type-page","status-publish","hentry"],"_links":{"self":[{"href":"https:\/\/ugo-manon.ovh\/index.php?rest_route=\/wp\/v2\/pages\/59","targetHints":{"allow":["GET"]}}],"collection":[{"href":"https:\/\/ugo-manon.ovh\/index.php?rest_route=\/wp\/v2\/pages"}],"about":[{"href":"https:\/\/ugo-manon.ovh\/index.php?rest_route=\/wp\/v2\/types\/page"}],"author":[{"embeddable":true,"href":"https:\/\/ugo-manon.ovh\/index.php?rest_route=\/wp\/v2\/users\/1"}],"replies":[{"embeddable":true,"href":"https:\/\/ugo-manon.ovh\/index.php?rest_route=%2Fwp%2Fv2%2Fcomments&post=59"}],"version-history":[{"count":2,"href":"https:\/\/ugo-manon.ovh\/index.php?rest_route=\/wp\/v2\/pages\/59\/revisions"}],"predecessor-version":[{"id":205,"href":"https:\/\/ugo-manon.ovh\/index.php?rest_route=\/wp\/v2\/pages\/59\/revisions\/205"}],"wp:attachment":[{"href":"https:\/\/ugo-manon.ovh\/index.php?rest_route=%2Fwp%2Fv2%2Fmedia&parent=59"}],"curies":[{"name":"wp","href":"https:\/\/api.w.org\/{rel}","templated":true}]}}