{"id":57,"date":"2025-10-07T10:57:15","date_gmt":"2025-10-07T10:57:15","guid":{"rendered":"http:\/\/ugo-manon.ovh\/?page_id=57"},"modified":"2025-10-07T13:56:37","modified_gmt":"2025-10-07T13:56:37","slug":"la-ceremonie","status":"publish","type":"page","link":"https:\/\/ugo-manon.ovh\/?page_id=57","title":{"rendered":"La c\u00e9r\u00e9monie"},"content":{"rendered":"\n<p class=\"has-text-align-center\"><strong>Que d&rsquo;\u00e9motions! <\/strong><br>Rappelez-vous, voir Manon arriver au bras de son Papa, Ugo \u00e0 celui de sa Maman<br>L&rsquo;union de deux \u00eatre formidables et de deux familles pour en cr\u00e9er une nouvelle<\/p>\n\n\n\n","protected":false},"excerpt":{"rendered":"<p>Que d&rsquo;\u00e9motions! Rappelez-vous, voir Manon arriver au bras de son Papa, Ugo \u00e0 celui de sa MamanL&rsquo;union de deux \u00eatre formidables et de deux familles pour en cr\u00e9er une nouvelle<\/p>\n","protected":false},"author":1,"featured_media":0,"parent":0,"menu_order":0,"comment_status":"closed","ping_status":"closed","template":"","meta":{"footnotes":""},"class_list":["post-57","page","type-page","status-publish","hentry"],"_links":{"self":[{"href":"https:\/\/ugo-manon.ovh\/index.php?rest_route=\/wp\/v2\/pages\/57","targetHints":{"allow":["GET"]}}],"collection":[{"href":"https:\/\/ugo-manon.ovh\/index.php?rest_route=\/wp\/v2\/pages"}],"about":[{"href":"https:\/\/ugo-manon.ovh\/index.php?rest_route=\/wp\/v2\/types\/page"}],"author":[{"embeddable":true,"href":"https:\/\/ugo-manon.ovh\/index.php?rest_route=\/wp\/v2\/users\/1"}],"replies":[{"embeddable":true,"href":"https:\/\/ugo-manon.ovh\/index.php?rest_route=%2Fwp%2Fv2%2Fcomments&post=57"}],"version-history":[{"count":2,"href":"https:\/\/ugo-manon.ovh\/index.php?rest_route=\/wp\/v2\/pages\/57\/revisions"}],"predecessor-version":[{"id":162,"href":"https:\/\/ugo-manon.ovh\/index.php?rest_route=\/wp\/v2\/pages\/57\/revisions\/162"}],"wp:attachment":[{"href":"https:\/\/ugo-manon.ovh\/index.php?rest_route=%2Fwp%2Fv2%2Fmedia&parent=57"}],"curies":[{"name":"wp","href":"https:\/\/api.w.org\/{rel}","templated":true}]}}