{"id":55,"date":"2025-10-07T10:57:46","date_gmt":"2025-10-07T10:57:46","guid":{"rendered":"http:\/\/ugo-manon.ovh\/?page_id=55"},"modified":"2025-10-07T13:59:23","modified_gmt":"2025-10-07T13:59:23","slug":"preparation-des-maries","status":"publish","type":"page","link":"https:\/\/ugo-manon.ovh\/?page_id=55","title":{"rendered":"Pr\u00e9paration des Mari\u00e9s"},"content":{"rendered":"\n\n\n\n<p class=\"has-text-align-center\"><strong>Justes quelques photos, il ne faudrait tout de m\u00eame pas d\u00e9voiler leurs secrets de beaut\u00e9<\/strong><\/p>\n","protected":false},"excerpt":{"rendered":"<p>Justes quelques photos, il ne faudrait tout de m\u00eame pas d\u00e9voiler leurs secrets de beaut\u00e9<\/p>\n","protected":false},"author":1,"featured_media":0,"parent":0,"menu_order":0,"comment_status":"closed","ping_status":"closed","template":"","meta":{"footnotes":""},"class_list":["post-55","page","type-page","status-publish","hentry"],"_links":{"self":[{"href":"https:\/\/ugo-manon.ovh\/index.php?rest_route=\/wp\/v2\/pages\/55","targetHints":{"allow":["GET"]}}],"collection":[{"href":"https:\/\/ugo-manon.ovh\/index.php?rest_route=\/wp\/v2\/pages"}],"about":[{"href":"https:\/\/ugo-manon.ovh\/index.php?rest_route=\/wp\/v2\/types\/page"}],"author":[{"embeddable":true,"href":"https:\/\/ugo-manon.ovh\/index.php?rest_route=\/wp\/v2\/users\/1"}],"replies":[{"embeddable":true,"href":"https:\/\/ugo-manon.ovh\/index.php?rest_route=%2Fwp%2Fv2%2Fcomments&post=55"}],"version-history":[{"count":2,"href":"https:\/\/ugo-manon.ovh\/index.php?rest_route=\/wp\/v2\/pages\/55\/revisions"}],"predecessor-version":[{"id":163,"href":"https:\/\/ugo-manon.ovh\/index.php?rest_route=\/wp\/v2\/pages\/55\/revisions\/163"}],"wp:attachment":[{"href":"https:\/\/ugo-manon.ovh\/index.php?rest_route=%2Fwp%2Fv2%2Fmedia&parent=55"}],"curies":[{"name":"wp","href":"https:\/\/api.w.org\/{rel}","templated":true}]}}